{"id":3160,"date":"2023-01-11T04:20:58","date_gmt":"2023-01-11T04:20:58","guid":{"rendered":"https:\/\/demo.bzotech.com\/bw_aleta\/product\/skin-whitening-product-cb01-copy-3\/"},"modified":"2026-02-06T11:29:23","modified_gmt":"2026-02-06T11:29:23","slug":"alvigo-8","status":"publish","type":"product","link":"https:\/\/pharmacopius.com\/index.php\/product\/alvigo-8\/","title":{"rendered":"ALVIGO 8"},"content":{"rendered":"<div class=\"description-product\">\n<div id=\"overview\">\n<div class=\"DrugPane__content___3-yrB\">\n<div>\n<div class=\"DrugOverview__container___CqA8x\">\n<h2 class=\"DrugOverview__title___1OwgG\">Product introduction<\/h2>\n<div class=\"DrugOverview__content___22ZBX\">\n<div id=\"overview\">\n<div class=\"DrugPane__content___3-yrB\">\n<div>\n<div class=\"DrugOverview__container___CqA8x\">\n<div class=\"DrugOverview__content___22ZBX\">\n<div class=\"relative default font-sans text-base text-textMain dark:text-textMainDark selection:bg-super\/50 selection:text-textMain dark:selection:bg-superDuper\/10 dark:selection:text-superDark\">\n<div class=\"min-w-0 break-words [word-break:break-word]\">\n<div dir=\"auto\">\n<div>\n<div class=\"prose dark:prose-invert inline leading-normal break-words min-w-0 [word-break:break-word]\"><span class=\"\">Alvigo 8mg Tablet is a medication used to prevent and treat M\u00e9ni\u00e8re&#8217;s disease, a disorder of the inner ear. M\u00e9ni\u00e8re&#8217;s disease is characterized by symptoms such as dizziness (vertigo), ringing in the ears (tinnitus), and hearing loss, which are likely caused by fluid buildup in the ear. This medicine helps alleviate these symptoms by reducing the amount of fluid in the inner ear.<\/span> <span class=\"\">The recommended way to take Alvigo 8mg Tablet is to swallow it whole with water, at the same time(s) each day. Your doctor will determine the appropriate dosage to effectively manage your symptoms and may adjust it as needed. It is important to continue taking this medication as prescribed, even if you start feeling better, as it may take several months to achieve the desired therapeutic effect.<\/span> <span class=\"\">Common side effects associated with Alvigo 8mg Tablet include headache, nausea, and indigestion (dyspepsia). You may also experience stomach pain and bloating, but taking the medicine with food can help reduce these gastrointestinal issues.<\/span> <span class=\"\">Before starting treatment with Alvigo 8mg Tablet, inform your doctor if you have a stomach ulcer, asthma, or high or low blood pressure. It is also crucial to disclose any other medications you are currently taking to ensure your safety. Additionally, if you are pregnant, planning to become pregnant, or breastfeeding, consult your doctor before using this medication.<\/span><\/div>\n<\/div>\n<\/div>\n<\/div>\n<\/div>\n<\/div>\n<\/div>\n<\/div>\n<\/div>\n<\/div>\n<\/div>\n<\/div>\n<\/div>\n<\/div>\n<\/div>\n<p>&nbsp;<\/p>\n<div class=\"bn-product-desktop\"><a href=\"https:\/\/bw-medxtore.bzotech.com\/wp-content\/uploads\/2023\/01\/Banner-product.png\"><img fetchpriority=\"high\" decoding=\"async\" class=\"alignnone size-full wp-image-4315\" src=\"https:\/\/bw-medxtore.bzotech.com\/wp-content\/uploads\/2023\/01\/Banner-product.png\" alt=\"\" width=\"1440\" height=\"664\" srcset=\"https:\/\/pharmacopius.com\/wp-content\/uploads\/2023\/01\/Banner-product.png 1440w, https:\/\/pharmacopius.com\/wp-content\/uploads\/2023\/01\/Banner-product-600x277.png 600w, https:\/\/pharmacopius.com\/wp-content\/uploads\/2023\/01\/Banner-product-300x138.png 300w, https:\/\/pharmacopius.com\/wp-content\/uploads\/2023\/01\/Banner-product-1024x472.png 1024w, https:\/\/pharmacopius.com\/wp-content\/uploads\/2023\/01\/Banner-product-768x354.png 768w\" sizes=\"(max-width: 1440px) 100vw, 1440px\" \/><\/a><\/div>\n<div class=\"bn-product-mobile\"><a href=\"https:\/\/bw-medxtore.bzotech.com\/wp-content\/uploads\/2023\/01\/Banner-product-mob.png\"><img decoding=\"async\" class=\"alignnone size-full wp-image-4343\" src=\"https:\/\/bw-medxtore.bzotech.com\/wp-content\/uploads\/2023\/01\/Banner-product-mob.png\" alt=\"\" width=\"674\" height=\"490\" srcset=\"https:\/\/pharmacopius.com\/wp-content\/uploads\/2023\/01\/Banner-product-mob.png 674w, https:\/\/pharmacopius.com\/wp-content\/uploads\/2023\/01\/Banner-product-mob-600x436.png 600w, https:\/\/pharmacopius.com\/wp-content\/uploads\/2023\/01\/Banner-product-mob-300x218.png 300w\" sizes=\"(max-width: 674px) 100vw, 674px\" \/><\/a><\/div>\n<p>Lorem ipsum dolor sit amet, consectetuer adipiscing elit, sed diam nonummy nibh euismod tincidunt ut laoreet dolore magna aliquam erat volutpat. Ut wisi enim ad minim veniam, quis nostrud exerci tation ullamcorper suscipit lobortis nisl ut aliquip ex ea commodo consequat. Duis autem vel eum iriure dolor in hendrerit in vulputate velit esse molestie consequat, vel illum dolore eu feugiat nulla facilisis at vero eros et accumsan et iusto odio dignissim qui blandit praesent luptatum zzril delenit augue duis dolore te feugait nulla facilisi.<br \/>\nLorem ipsum dolor sit amet, cons ectetuer adipiscing elit, sed diam nonummy nibh euismod tincidunt ut laoreet dolore magna aliquam erat volutpat. Ut wisi enim ad minim veniam, quis nostrud exerci tation ullamcorper suscipit lobortis nisl ut aliquip ex ea commodo consequat.<\/p>\n<\/div>\n","protected":false},"excerpt":{"rendered":"<div class=\"DrugHeader__meta___B3BcU\">\n<ul>\n<li><strong>Marketer<\/strong>: <a href=\"https:\/\/www.1mg.com\/marketer\/pharmacopius-drugs-pvt-ltd-74095\">Pharmacopius Drugs Pvt Ltd<\/a><\/li>\n<\/ul>\n<\/div>\n<div class=\"DrugHeader__meta___B3BcU\">\n<ul>\n<li class=\"DrugHeader__meta-title___22zXC\"><strong>SALT COMPOSITION<\/strong>: Betahistine (8mg)<\/li>\n<\/ul>\n<\/div>\n<div class=\"DrugHeader__meta___B3BcU\">\n<ul>\n<li class=\"DrugHeader__meta-title___22zXC\"><strong>Storage<\/strong>: Store below 30\u00b0C<\/li>\n<\/ul>\n<\/div>\n<p>&nbsp;<\/p>\n","protected":false},"featured_media":8180,"comment_status":"open","ping_status":"closed","template":"","meta":[],"product_cat":[55],"product_tag":[],"class_list":{"0":"post-3160","1":"product","2":"type-product","3":"status-publish","4":"has-post-thumbnail","6":"product_cat-cardio","8":"first","9":"instock","10":"shipping-taxable","11":"product-type-simple"},"_links":{"self":[{"href":"https:\/\/pharmacopius.com\/index.php\/wp-json\/wp\/v2\/product\/3160","targetHints":{"allow":["GET"]}}],"collection":[{"href":"https:\/\/pharmacopius.com\/index.php\/wp-json\/wp\/v2\/product"}],"about":[{"href":"https:\/\/pharmacopius.com\/index.php\/wp-json\/wp\/v2\/types\/product"}],"replies":[{"embeddable":true,"href":"https:\/\/pharmacopius.com\/index.php\/wp-json\/wp\/v2\/comments?post=3160"}],"version-history":[{"count":5,"href":"https:\/\/pharmacopius.com\/index.php\/wp-json\/wp\/v2\/product\/3160\/revisions"}],"predecessor-version":[{"id":8351,"href":"https:\/\/pharmacopius.com\/index.php\/wp-json\/wp\/v2\/product\/3160\/revisions\/8351"}],"wp:featuredmedia":[{"embeddable":true,"href":"https:\/\/pharmacopius.com\/index.php\/wp-json\/wp\/v2\/media\/8180"}],"wp:attachment":[{"href":"https:\/\/pharmacopius.com\/index.php\/wp-json\/wp\/v2\/media?parent=3160"}],"wp:term":[{"taxonomy":"product_cat","embeddable":true,"href":"https:\/\/pharmacopius.com\/index.php\/wp-json\/wp\/v2\/product_cat?post=3160"},{"taxonomy":"product_tag","embeddable":true,"href":"https:\/\/pharmacopius.com\/index.php\/wp-json\/wp\/v2\/product_tag?post=3160"}],"curies":[{"name":"wp","href":"https:\/\/api.w.org\/{rel}","templated":true}]}}